{"id":1387,"date":"2020-01-01T00:00:00","date_gmt":"2019-12-31T23:00:00","guid":{"rendered":"https:\/\/handymanexpressmallorca.com\/contact-us\/"},"modified":"2023-08-09T17:43:44","modified_gmt":"2023-08-09T15:43:44","slug":"contacto","status":"publish","type":"page","link":"https:\/\/handymanexpressmallorca.com\/es\/contacto\/","title":{"rendered":"Cont\u00e1ctanos"},"content":{"rendered":"\n<div class=\"wp-block-columns are-vertically-aligned-center is-layout-flex wp-container-core-columns-is-layout-28f84493 wp-block-columns-is-layout-flex\">\n<div class=\"wp-block-column is-vertically-aligned-center is-layout-flow wp-block-column-is-layout-flow\" style=\"flex-basis:33.33%\">\n<h2 class=\"wp-block-heading\">Te escuchamos<\/h2>\n\n\n\n<p>Sabemos lo importante que es poder transmitir exactamente lo que necesitas cuando se trata de tu hogar. As\u00ed que nos encantar\u00eda que nos contactes y ver si podemos ayudarte.<\/p>\n<p>P\u00eddenos presupuesto sin compromiso.<\/p>\n\n\n\n<p>Mallorca<\/p>\n\n\n\n<p><a href=\"mailto:info@domain.xyz\">handyman.express.mallorca@gmail.com<\/a> <\/p>\n\n\n\n<p><a href=\"tel:+258321123456\">+34 615 912 600<\/a><\/p>\n<\/div>\n\n\n\n<div class=\"wp-block-column is-vertically-aligned-center is-layout-flow wp-block-column-is-layout-flow\" style=\"flex-basis:66.66%\">\n<iframe src=\"https:\/\/www.google.com\/maps\/embed?pb=!1m18!1m12!1m3!1d98417.31681717766!2d2.6807550999999923!3d39.56995265000001!2m3!1f0!2f0!3f0!3m2!1i1024!2i768!4f13.1!3m3!1m2!1s0x12979259c61ac757%3A0xc40d5406c3d058c6!2sPalma%2C%20Islas%20Baleares!5e0!3m2!1ses!2ses!4v1686730754839!5m2!1ses!2ses\" width=\"600\" height=\"450\" style=\"border:0;\" allowfullscreen=\"\" loading=\"lazy\" referrerpolicy=\"no-referrer-when-downgrade\"><\/iframe>\n<\/div>\n<\/div>\n\n\n\n<div class=\"wp-block-cover alignwide is-light has-cnt-background-color has-background-dim\"><span aria-hidden=\"true\" class=\"wp-block-cover__background has-cnt-background-color has-background-dim-10 has-background-dim\"><\/span><img decoding=\"async\" class=\"wp-block-cover__image-background wp-image-1056 fy-content__image fy-lazy js-lazy\" alt src=\"data:image\/svg+xml,%3Csvg%20width%3D%222527%22%20height%3D%221105%22%20xmlns%3D%22http:\/\/www.w3.org\/2000\/svg%22%20viewBox%3D%220%200%202527%201105%22%3E%3C\/svg%3E\" data-object-fit=\"cover\" width=\"2527\" height=\"1105\" data-src=\"https:\/\/handymanexpressmallorca.com\/wp-content\/uploads\/2023\/06\/house-removing.jpg\"><div class=\"fy-image-loading fy-image-loading--skeleton\" aria-hidden=\"true\"><\/div><div class=\"wp-block-cover__inner-container is-layout-flow wp-block-cover-is-layout-flow\">\n<h2 class=\"wp-block-heading has-text-align-center\">\u00a1Conect\u00e9monos!\nNos encantar\u00eda ayudarte.<\/h2>\n\n\n\n<p class=\"has-text-align-center\">&nbsp;<\/p>\n\n\n\n<div class=\"wp-block-button is-style-outline aligncenter is-style-outline--1\"><a class=\"wp-block-button__link has-cnt-bg-color has-text-color wp-element-button\" href=\"#contact-form\">Cont\u00e1ctanos<\/a><\/div>\n<\/div><\/div>\n\n\n\n<div class=\"wp-block-columns is-layout-flex wp-container-core-columns-is-layout-28f84493 wp-block-columns-is-layout-flex\">\n<div class=\"wp-block-column is-layout-flow wp-block-column-is-layout-flow\" style=\"flex-basis:100%\">\n<div class=\"wp-block-group alignwide is-layout-constrained wp-block-group-is-layout-constrained\">\n<div class=\"wp-block-columns is-layout-flex wp-container-core-columns-is-layout-28f84493 wp-block-columns-is-layout-flex\">\n<div class=\"wp-block-column fy-form is-layout-flow wp-block-column-is-layout-flow\" id=\"contact\">\n<h2 class=\"wp-block-heading\">Cont\u00e1ctanos<\/h2>\n\n\n\n<div class=\"wp-block-contact-form-7-contact-form-selector\">\n<div class=\"wpcf7 no-js\" id=\"wpcf7-f1503-o1\" lang=\"es-ES\" dir=\"ltr\">\n<div class=\"screen-reader-response\"><p role=\"status\" aria-live=\"polite\" aria-atomic=\"true\"><\/p> <ul><\/ul><\/div>\n<form action=\"\/es\/wp-json\/wp\/v2\/pages\/1387#wpcf7-f1503-o1\" method=\"post\" class=\"wpcf7-form init\" aria-label=\"Formulario de contacto\" novalidate=\"novalidate\" data-status=\"init\">\n<div style=\"display: none;\">\n<input type=\"hidden\" name=\"_wpcf7\" value=\"1503\" \/>\n<input type=\"hidden\" name=\"_wpcf7_version\" value=\"5.8\" \/>\n<input type=\"hidden\" name=\"_wpcf7_locale\" value=\"es_ES\" \/>\n<input type=\"hidden\" name=\"_wpcf7_unit_tag\" value=\"wpcf7-f1503-o1\" \/>\n<input type=\"hidden\" name=\"_wpcf7_container_post\" value=\"0\" \/>\n<input type=\"hidden\" name=\"_wpcf7_posted_data_hash\" value=\"\" \/>\n<input type=\"hidden\" name=\"_wpcf7_recaptcha_response\" value=\"\" \/>\n<\/div>\n<div class=\"fy-flex-container a-flex-container\">\n\t<div class=\"fy-flex-column-auto a-flex-column-auto fy-flex-column-phone-100 a-flex-column-phone-100\">\n\t\t<p><label for=\"name01\" class=\"fy-label a-label\"> Nombre*<br \/>\n<span class=\"wpcf7-form-control-wrap\" data-name=\"name01\"><input size=\"40\" class=\"wpcf7-form-control wpcf7-text wpcf7-validates-as-required\" id=\"name01\" autocomplete=\"name\" aria-required=\"true\" aria-invalid=\"false\" value=\"\" type=\"text\" name=\"name01\" \/><\/span> <\/label>\n\t\t<\/p>\n\t<\/div>\n\t<div class=\"fy-flex-column-auto a-flex-column-auto fy-flex-column-phone-100 a-flex-column-phone-100\">\n\t\t<p><label for=\"your-email\" class=\"fy-label a-label\"> Email*<br \/>\n<span class=\"wpcf7-form-control-wrap\" data-name=\"your-email\"><input size=\"40\" class=\"wpcf7-form-control wpcf7-email wpcf7-validates-as-required wpcf7-text wpcf7-validates-as-email\" id=\"your-email\" autocomplete=\"email\" aria-required=\"true\" aria-invalid=\"false\" value=\"\" type=\"email\" name=\"your-email\" \/><\/span> <\/label>\n\t\t<\/p>\n\t<\/div>\n\t<div class=\"fy-flex-column-auto a-flex-column-auto fy-flex-column-phone-100 a-flex-column-phone-100\">\n\t\t<p><label for=\"phone\" class=\"fy-label a-label\"> Tel\u00e9fono*<br \/>\n<span class=\"wpcf7-form-control-wrap\" data-name=\"phone\"><input size=\"40\" class=\"wpcf7-form-control wpcf7-tel wpcf7-validates-as-required wpcf7-text wpcf7-validates-as-tel\" id=\"phone\" aria-required=\"true\" aria-invalid=\"false\" value=\"\" type=\"tel\" name=\"phone\" \/><\/span> <\/label>\n\t\t<\/p>\n\t<\/div>\n<\/div>\n<p><label for=\"message\" class=\"fy-label a-label\"> Mensaje (opcional) <\/label><br \/>\n<span class=\"wpcf7-form-control-wrap\" data-name=\"message\"><textarea cols=\"40\" rows=\"5\" class=\"wpcf7-form-control wpcf7-textarea\" id=\"message\" aria-invalid=\"false\" name=\"message\"><\/textarea><\/span>\n<\/p>\n<p><span class=\"wpcf7-form-control-wrap\" data-name=\"terms\"><span class=\"wpcf7-form-control wpcf7-acceptance\"><span class=\"wpcf7-list-item\"><label><input type=\"checkbox\" name=\"terms\" value=\"1\" aria-invalid=\"false\" \/><span class=\"wpcf7-list-item-label\">He le\u00eddo y acepto los <a href=\"\/es\/politica-de-privacidad\" target=\"_blank\" rel=\"noopener\" class=\"fy-form-terms-link a-form-terms-link\">t\u00e9rminos y condiciones<\/a>*<\/span><\/label><\/span><\/span><\/span>\n<\/p>\n<p><input class=\"wpcf7-form-control wpcf7-submit has-spinner\" type=\"submit\" value=\"Enviar\" \/>\n<\/p><div class=\"wpcf7-response-output\" aria-hidden=\"true\"><\/div>\n<\/form>\n<\/div>\n<\/div>\n<\/div>\n<\/div>\n<\/div>\n<\/div>\n<\/div>\n","protected":false},"excerpt":{"rendered":"<p>Te escuchamos Sabemos lo importante que es poder transmitir exactamente lo que necesitas cuando se trata de tu hogar. As\u00ed que nos encantar\u00eda que &#8230;<\/p>\n","protected":false},"author":1,"featured_media":0,"parent":0,"menu_order":110,"comment_status":"closed","ping_status":"closed","template":"","meta":{"footnotes":""},"class_list":["post-1387","page","type-page","status-publish","hentry"],"yoast_head":"<!-- This site is optimized with the Yoast SEO plugin v20.13 - https:\/\/yoast.com\/wordpress\/plugins\/seo\/ -->\n<title>Cont\u00e1ctanos - Handyman Renovations Mallorca<\/title>\n<meta name=\"description\" content=\"Te escuchamos. P\u00eddenos presupuesto sin compromiso. Cont\u00e1ctanos\" \/>\n<meta name=\"robots\" content=\"index, follow, max-snippet:-1, max-image-preview:large, max-video-preview:-1\" \/>\n<link rel=\"canonical\" href=\"https:\/\/handymanexpressmallorca.com\/es\/contacto\/\" \/>\n<meta property=\"og:locale\" content=\"es_ES\" \/>\n<meta property=\"og:type\" content=\"article\" \/>\n<meta property=\"og:title\" content=\"Cont\u00e1ctanos - Handyman Renovations Mallorca\" \/>\n<meta property=\"og:description\" content=\"Te escuchamos. P\u00eddenos presupuesto sin compromiso. Cont\u00e1ctanos\" \/>\n<meta property=\"og:url\" content=\"https:\/\/handymanexpressmallorca.com\/es\/contacto\/\" \/>\n<meta property=\"og:site_name\" content=\"Handyman Renovations Mallorca\" \/>\n<meta property=\"article:modified_time\" content=\"2023-08-09T15:43:44+00:00\" \/>\n<meta property=\"og:image\" content=\"https:\/\/handymanexpressmallorca.com\/wp-content\/uploads\/2023\/06\/house-removing.jpg\" \/>\n<meta name=\"twitter:card\" content=\"summary_large_image\" \/>\n<meta name=\"twitter:label1\" content=\"Tiempo de lectura\" \/>\n\t<meta name=\"twitter:data1\" content=\"1 minuto\" \/>\n<script type=\"application\/ld+json\" class=\"yoast-schema-graph\">{\"@context\":\"https:\/\/schema.org\",\"@graph\":[{\"@type\":\"WebPage\",\"@id\":\"https:\/\/handymanexpressmallorca.com\/es\/contacto\/\",\"url\":\"https:\/\/handymanexpressmallorca.com\/es\/contacto\/\",\"name\":\"Cont\u00e1ctanos - Handyman Renovations Mallorca\",\"isPartOf\":{\"@id\":\"https:\/\/handymanexpressmallorca.com\/es\/#website\"},\"datePublished\":\"2019-12-31T23:00:00+00:00\",\"dateModified\":\"2023-08-09T15:43:44+00:00\",\"description\":\"Te escuchamos. P\u00eddenos presupuesto sin compromiso. Cont\u00e1ctanos\",\"breadcrumb\":{\"@id\":\"https:\/\/handymanexpressmallorca.com\/es\/contacto\/#breadcrumb\"},\"inLanguage\":\"es\",\"potentialAction\":[{\"@type\":\"ReadAction\",\"target\":[\"https:\/\/handymanexpressmallorca.com\/es\/contacto\/\"]}]},{\"@type\":\"BreadcrumbList\",\"@id\":\"https:\/\/handymanexpressmallorca.com\/es\/contacto\/#breadcrumb\",\"itemListElement\":[{\"@type\":\"ListItem\",\"position\":1,\"name\":\"Home\",\"item\":\"https:\/\/handymanexpressmallorca.com\/es\/\"},{\"@type\":\"ListItem\",\"position\":2,\"name\":\"Cont\u00e1ctanos\"}]},{\"@type\":\"WebSite\",\"@id\":\"https:\/\/handymanexpressmallorca.com\/es\/#website\",\"url\":\"https:\/\/handymanexpressmallorca.com\/es\/\",\"name\":\"Handyman Renovations Mallorca\",\"description\":\"Home&amp;Business Renovations, Maintenance and Handyman Services all over Mallorca\",\"publisher\":{\"@id\":\"https:\/\/handymanexpressmallorca.com\/es\/#organization\"},\"potentialAction\":[{\"@type\":\"SearchAction\",\"target\":{\"@type\":\"EntryPoint\",\"urlTemplate\":\"https:\/\/handymanexpressmallorca.com\/es\/?s={search_term_string}\"},\"query-input\":\"required name=search_term_string\"}],\"inLanguage\":\"es\"},{\"@type\":\"Organization\",\"@id\":\"https:\/\/handymanexpressmallorca.com\/es\/#organization\",\"name\":\"Handyman Renovations Mallorca\",\"url\":\"https:\/\/handymanexpressmallorca.com\/es\/\",\"logo\":{\"@type\":\"ImageObject\",\"inLanguage\":\"es\",\"@id\":\"https:\/\/handymanexpressmallorca.com\/es\/#\/schema\/logo\/image\/\",\"url\":\"https:\/\/handymanexpressmallorca.com\/wp-content\/uploads\/2023\/06\/cropped-Captura-de-pantalla-2023-06-01-a-les-12.41.19-1.png\",\"contentUrl\":\"https:\/\/handymanexpressmallorca.com\/wp-content\/uploads\/2023\/06\/cropped-Captura-de-pantalla-2023-06-01-a-les-12.41.19-1.png\",\"width\":229,\"height\":143,\"caption\":\"Handyman Renovations Mallorca\"},\"image\":{\"@id\":\"https:\/\/handymanexpressmallorca.com\/es\/#\/schema\/logo\/image\/\"}}]}<\/script>\n<!-- \/ Yoast SEO plugin. -->","yoast_head_json":{"title":"Cont\u00e1ctanos - Handyman Renovations Mallorca","description":"Te escuchamos. P\u00eddenos presupuesto sin compromiso. Cont\u00e1ctanos","robots":{"index":"index","follow":"follow","max-snippet":"max-snippet:-1","max-image-preview":"max-image-preview:large","max-video-preview":"max-video-preview:-1"},"canonical":"https:\/\/handymanexpressmallorca.com\/es\/contacto\/","og_locale":"es_ES","og_type":"article","og_title":"Cont\u00e1ctanos - Handyman Renovations Mallorca","og_description":"Te escuchamos. P\u00eddenos presupuesto sin compromiso. Cont\u00e1ctanos","og_url":"https:\/\/handymanexpressmallorca.com\/es\/contacto\/","og_site_name":"Handyman Renovations Mallorca","article_modified_time":"2023-08-09T15:43:44+00:00","og_image":[{"url":"https:\/\/handymanexpressmallorca.com\/wp-content\/uploads\/2023\/06\/house-removing.jpg"}],"twitter_card":"summary_large_image","twitter_misc":{"Tiempo de lectura":"1 minuto"},"schema":{"@context":"https:\/\/schema.org","@graph":[{"@type":"WebPage","@id":"https:\/\/handymanexpressmallorca.com\/es\/contacto\/","url":"https:\/\/handymanexpressmallorca.com\/es\/contacto\/","name":"Cont\u00e1ctanos - Handyman Renovations Mallorca","isPartOf":{"@id":"https:\/\/handymanexpressmallorca.com\/es\/#website"},"datePublished":"2019-12-31T23:00:00+00:00","dateModified":"2023-08-09T15:43:44+00:00","description":"Te escuchamos. P\u00eddenos presupuesto sin compromiso. Cont\u00e1ctanos","breadcrumb":{"@id":"https:\/\/handymanexpressmallorca.com\/es\/contacto\/#breadcrumb"},"inLanguage":"es","potentialAction":[{"@type":"ReadAction","target":["https:\/\/handymanexpressmallorca.com\/es\/contacto\/"]}]},{"@type":"BreadcrumbList","@id":"https:\/\/handymanexpressmallorca.com\/es\/contacto\/#breadcrumb","itemListElement":[{"@type":"ListItem","position":1,"name":"Home","item":"https:\/\/handymanexpressmallorca.com\/es\/"},{"@type":"ListItem","position":2,"name":"Cont\u00e1ctanos"}]},{"@type":"WebSite","@id":"https:\/\/handymanexpressmallorca.com\/es\/#website","url":"https:\/\/handymanexpressmallorca.com\/es\/","name":"Handyman Renovations Mallorca","description":"Home&amp;Business Renovations, Maintenance and Handyman Services all over Mallorca","publisher":{"@id":"https:\/\/handymanexpressmallorca.com\/es\/#organization"},"potentialAction":[{"@type":"SearchAction","target":{"@type":"EntryPoint","urlTemplate":"https:\/\/handymanexpressmallorca.com\/es\/?s={search_term_string}"},"query-input":"required name=search_term_string"}],"inLanguage":"es"},{"@type":"Organization","@id":"https:\/\/handymanexpressmallorca.com\/es\/#organization","name":"Handyman Renovations Mallorca","url":"https:\/\/handymanexpressmallorca.com\/es\/","logo":{"@type":"ImageObject","inLanguage":"es","@id":"https:\/\/handymanexpressmallorca.com\/es\/#\/schema\/logo\/image\/","url":"https:\/\/handymanexpressmallorca.com\/wp-content\/uploads\/2023\/06\/cropped-Captura-de-pantalla-2023-06-01-a-les-12.41.19-1.png","contentUrl":"https:\/\/handymanexpressmallorca.com\/wp-content\/uploads\/2023\/06\/cropped-Captura-de-pantalla-2023-06-01-a-les-12.41.19-1.png","width":229,"height":143,"caption":"Handyman Renovations Mallorca"},"image":{"@id":"https:\/\/handymanexpressmallorca.com\/es\/#\/schema\/logo\/image\/"}}]}},"_links":{"self":[{"href":"https:\/\/handymanexpressmallorca.com\/es\/wp-json\/wp\/v2\/pages\/1387","targetHints":{"allow":["GET"]}}],"collection":[{"href":"https:\/\/handymanexpressmallorca.com\/es\/wp-json\/wp\/v2\/pages"}],"about":[{"href":"https:\/\/handymanexpressmallorca.com\/es\/wp-json\/wp\/v2\/types\/page"}],"author":[{"embeddable":true,"href":"https:\/\/handymanexpressmallorca.com\/es\/wp-json\/wp\/v2\/users\/1"}],"replies":[{"embeddable":true,"href":"https:\/\/handymanexpressmallorca.com\/es\/wp-json\/wp\/v2\/comments?post=1387"}],"version-history":[{"count":6,"href":"https:\/\/handymanexpressmallorca.com\/es\/wp-json\/wp\/v2\/pages\/1387\/revisions"}],"predecessor-version":[{"id":1514,"href":"https:\/\/handymanexpressmallorca.com\/es\/wp-json\/wp\/v2\/pages\/1387\/revisions\/1514"}],"wp:attachment":[{"href":"https:\/\/handymanexpressmallorca.com\/es\/wp-json\/wp\/v2\/media?parent=1387"}],"curies":[{"name":"wp","href":"https:\/\/api.w.org\/{rel}","templated":true}]}}