{"id":1534,"date":"2023-08-07T10:34:49","date_gmt":"2023-08-07T08:34:49","guid":{"rendered":"https:\/\/handymanexpressmallorca.com\/accesibilidad\/"},"modified":"2023-09-14T13:01:03","modified_gmt":"2023-09-14T11:01:03","slug":"accesibilidad","status":"publish","type":"page","link":"https:\/\/handymanexpressmallorca.com\/es\/accesibilidad\/","title":{"rendered":"Accesibilidad"},"content":{"rendered":"\n<h1 class=\"wp-block-heading\">Declaraci\u00f3n de Accesibilidad<\/h1>\n\n\n\n<p>HANDYMAN HOME RENOVATIONS se ha comprometido a hacer accesible su sitio web de conformidad con la Normativa Europea EN 301 549 V3.2.1 (2021-03), sobre Requisitos de accesibilidad para productos y servicios TIC.<\/p>\n\n\n\n<p>La presente declaraci\u00f3n de accesibilidad se aplica al sitio web&nbsp;<a href=\"https:\/\/handymanexpressmallorca.com\">https:\/\/handymanexpressmallorca.com<\/a> (los subdominios de este sitio web tendr\u00e1n sus propias declaraciones de accesibilidad).<\/p>\n\n\n\n<p><strong>Situaci\u00f3n de cumplimiento<\/strong><\/p>\n\n\n\n<p>Este sitio web es<strong>&nbsp;plenamente&nbsp;conforme&nbsp;<\/strong>con la Normativa Europea EN 301 549 V3.2.1 (2021-03)<\/p>\n\n\n\n<p><strong>Preparaci\u00f3n de la presente declaraci\u00f3n de accesibilidad<\/strong><\/p>\n\n\n\n<p>La presente declaraci\u00f3n fue redactada 13 de septiembre de 2023.<\/p>\n\n\n\n<p>El m\u00e9todo utilizado para preparar la declaraci\u00f3n ha sido una autoevaluaci\u00f3n llevada a cabo por la propia empresa de desarrollo web (agente digitalizador).<\/p>\n\n\n\n<p><strong>Observaciones y datos de contacto<\/strong><\/p>\n\n\n\n<p>Puede realizar comunicaciones sobre requisitos de accesibilidad como, por ejemplo:<\/p>\n\n\n\n<ul class=\"wp-block-list\">\n<li>Informar sobre cualquier posible incumplimiento por parte de este sitio web.<\/li>\n\n\n\n<li>Transmitir otras dificultades de acceso al contenido.<\/li>\n\n\n\n<li>Formular cualquier otra consulta o sugerencia de mejora relativa a la accesibilidad del sitio web.<\/li>\n<\/ul>\n\n\n\n<p>A trav\u00e9s del correo electr\u00f3nico&nbsp;<a href=\"mailto:handyman.express.mallorca@gmail.com\">handyman.express.mallorca@gmail.com<\/a>.<\/p>\n\n\n\n<p>Tambi\u00e9n puede solicitar en formato accesible informaci\u00f3n que no cumpla con los requisitos de accesibilidad bien por estar excluida, bien por estar exenta por carga desproporcionada; o formular una queja por incumplimiento de los requisitos de accesibilidad.<\/p>\n\n\n\n<p><strong>Contenido opcional<\/strong><\/p>\n\n\n\n<p>La versi\u00f3n actualmente visible de este sitio web es de septiembre de 2023 y en esa fecha se hizo la revisi\u00f3n del nivel de accesibilidad vigente en aquel momento.<\/p>\n\n\n\n<p>A partir de dicha fecha se llevan a cabo revisiones parciales del contenido web nuevo o modificado, tanto de las plantillas como de las p\u00e1ginas y documentos finales publicados, a fin de asegurar el cumplimiento de los requerimientos de accesibilidad de la Norma EN 301 549 V3.2.1 (2021-03).<\/p>\n\n\n\n<p>Entre otras se adoptan las siguientes medidas para facilitar la accesibilidad:<\/p>\n\n\n\n<ul class=\"wp-block-list\">\n<li>Utilizaci\u00f3n de texto alternativo en las im\u00e1genes, salvo en las im\u00e1genes meramente decorativas<\/li>\n\n\n\n<li>Uso de los est\u00e1ndares del W3C: XHTML 1.0, CSS 3.0, WAI AA.<\/li>\n<\/ul>\n\n\n\n<p>El sitio web est\u00e1 optimizado para las \u00faltimas versiones vigentes de los navegadores Edge, FireFox, Safari, Opera y Google Chrome. La resoluci\u00f3n web m\u00ednima recomendada es de 1280\u00d71024.<\/p>\n\n\n\n<p>El sitio web est\u00e1 dise\u00f1ado para su visualizaci\u00f3n Responsive (adaptable), con lo que se visualiza de forma \u00f3ptima en los dispositivos m\u00f3viles (tablet y smartphones). En estos dispositivos est\u00e1 optimizado para su visualizaci\u00f3n en las \u00faltimas versiones vigentes de Chrome for mobile, Firefox for mobile, Safari mobile, Opera Mini y navegador nativo de Android.<\/p>\n","protected":false},"excerpt":{"rendered":"<p>Declaraci\u00f3n de Accesibilidad HANDYMAN HOME RENOVATIONS se ha comprometido a hacer accesible su sitio web de conformidad con la Normativa Europea EN 301 549 &#8230;<\/p>\n","protected":false},"author":1,"featured_media":0,"parent":0,"menu_order":0,"comment_status":"closed","ping_status":"closed","template":"","meta":{"footnotes":""},"class_list":["post-1534","page","type-page","status-publish","hentry"],"yoast_head":"<!-- This site is optimized with the Yoast SEO plugin v20.13 - https:\/\/yoast.com\/wordpress\/plugins\/seo\/ -->\n<title>Accesibilidad - Handyman Renovations Mallorca<\/title>\n<meta name=\"robots\" content=\"index, follow, max-snippet:-1, max-image-preview:large, max-video-preview:-1\" \/>\n<link rel=\"canonical\" href=\"https:\/\/handymanexpressmallorca.com\/es\/accesibilidad\/\" \/>\n<meta property=\"og:locale\" content=\"es_ES\" \/>\n<meta property=\"og:type\" content=\"article\" \/>\n<meta property=\"og:title\" content=\"Accesibilidad - Handyman Renovations Mallorca\" \/>\n<meta property=\"og:description\" content=\"Declaraci\u00f3n de Accesibilidad HANDYMAN HOME RENOVATIONS se ha comprometido a hacer accesible su sitio web de conformidad con la Normativa Europea EN 301 549 ...\" \/>\n<meta property=\"og:url\" content=\"https:\/\/handymanexpressmallorca.com\/es\/accesibilidad\/\" \/>\n<meta property=\"og:site_name\" content=\"Handyman Renovations Mallorca\" \/>\n<meta property=\"article:modified_time\" content=\"2023-09-14T11:01:03+00:00\" \/>\n<meta name=\"twitter:card\" content=\"summary_large_image\" \/>\n<meta name=\"twitter:label1\" content=\"Tiempo de lectura\" \/>\n\t<meta name=\"twitter:data1\" content=\"2 minutos\" \/>\n<script type=\"application\/ld+json\" class=\"yoast-schema-graph\">{\"@context\":\"https:\/\/schema.org\",\"@graph\":[{\"@type\":\"WebPage\",\"@id\":\"https:\/\/handymanexpressmallorca.com\/es\/accesibilidad\/\",\"url\":\"https:\/\/handymanexpressmallorca.com\/es\/accesibilidad\/\",\"name\":\"Accesibilidad - Handyman Renovations Mallorca\",\"isPartOf\":{\"@id\":\"https:\/\/handymanexpressmallorca.com\/es\/#website\"},\"datePublished\":\"2023-08-07T08:34:49+00:00\",\"dateModified\":\"2023-09-14T11:01:03+00:00\",\"breadcrumb\":{\"@id\":\"https:\/\/handymanexpressmallorca.com\/es\/accesibilidad\/#breadcrumb\"},\"inLanguage\":\"es\",\"potentialAction\":[{\"@type\":\"ReadAction\",\"target\":[\"https:\/\/handymanexpressmallorca.com\/es\/accesibilidad\/\"]}]},{\"@type\":\"BreadcrumbList\",\"@id\":\"https:\/\/handymanexpressmallorca.com\/es\/accesibilidad\/#breadcrumb\",\"itemListElement\":[{\"@type\":\"ListItem\",\"position\":1,\"name\":\"Home\",\"item\":\"https:\/\/handymanexpressmallorca.com\/es\/\"},{\"@type\":\"ListItem\",\"position\":2,\"name\":\"Accesibilidad\"}]},{\"@type\":\"WebSite\",\"@id\":\"https:\/\/handymanexpressmallorca.com\/es\/#website\",\"url\":\"https:\/\/handymanexpressmallorca.com\/es\/\",\"name\":\"Handyman Renovations Mallorca\",\"description\":\"Home&amp;Business Renovations, Maintenance and Handyman Services all over Mallorca\",\"publisher\":{\"@id\":\"https:\/\/handymanexpressmallorca.com\/es\/#organization\"},\"potentialAction\":[{\"@type\":\"SearchAction\",\"target\":{\"@type\":\"EntryPoint\",\"urlTemplate\":\"https:\/\/handymanexpressmallorca.com\/es\/?s={search_term_string}\"},\"query-input\":\"required name=search_term_string\"}],\"inLanguage\":\"es\"},{\"@type\":\"Organization\",\"@id\":\"https:\/\/handymanexpressmallorca.com\/es\/#organization\",\"name\":\"Handyman Renovations Mallorca\",\"url\":\"https:\/\/handymanexpressmallorca.com\/es\/\",\"logo\":{\"@type\":\"ImageObject\",\"inLanguage\":\"es\",\"@id\":\"https:\/\/handymanexpressmallorca.com\/es\/#\/schema\/logo\/image\/\",\"url\":\"https:\/\/handymanexpressmallorca.com\/wp-content\/uploads\/2023\/06\/cropped-Captura-de-pantalla-2023-06-01-a-les-12.41.19-1.png\",\"contentUrl\":\"https:\/\/handymanexpressmallorca.com\/wp-content\/uploads\/2023\/06\/cropped-Captura-de-pantalla-2023-06-01-a-les-12.41.19-1.png\",\"width\":229,\"height\":143,\"caption\":\"Handyman Renovations Mallorca\"},\"image\":{\"@id\":\"https:\/\/handymanexpressmallorca.com\/es\/#\/schema\/logo\/image\/\"}}]}<\/script>\n<!-- \/ Yoast SEO plugin. -->","yoast_head_json":{"title":"Accesibilidad - Handyman Renovations Mallorca","robots":{"index":"index","follow":"follow","max-snippet":"max-snippet:-1","max-image-preview":"max-image-preview:large","max-video-preview":"max-video-preview:-1"},"canonical":"https:\/\/handymanexpressmallorca.com\/es\/accesibilidad\/","og_locale":"es_ES","og_type":"article","og_title":"Accesibilidad - Handyman Renovations Mallorca","og_description":"Declaraci\u00f3n de Accesibilidad HANDYMAN HOME RENOVATIONS se ha comprometido a hacer accesible su sitio web de conformidad con la Normativa Europea EN 301 549 ...","og_url":"https:\/\/handymanexpressmallorca.com\/es\/accesibilidad\/","og_site_name":"Handyman Renovations Mallorca","article_modified_time":"2023-09-14T11:01:03+00:00","twitter_card":"summary_large_image","twitter_misc":{"Tiempo de lectura":"2 minutos"},"schema":{"@context":"https:\/\/schema.org","@graph":[{"@type":"WebPage","@id":"https:\/\/handymanexpressmallorca.com\/es\/accesibilidad\/","url":"https:\/\/handymanexpressmallorca.com\/es\/accesibilidad\/","name":"Accesibilidad - Handyman Renovations Mallorca","isPartOf":{"@id":"https:\/\/handymanexpressmallorca.com\/es\/#website"},"datePublished":"2023-08-07T08:34:49+00:00","dateModified":"2023-09-14T11:01:03+00:00","breadcrumb":{"@id":"https:\/\/handymanexpressmallorca.com\/es\/accesibilidad\/#breadcrumb"},"inLanguage":"es","potentialAction":[{"@type":"ReadAction","target":["https:\/\/handymanexpressmallorca.com\/es\/accesibilidad\/"]}]},{"@type":"BreadcrumbList","@id":"https:\/\/handymanexpressmallorca.com\/es\/accesibilidad\/#breadcrumb","itemListElement":[{"@type":"ListItem","position":1,"name":"Home","item":"https:\/\/handymanexpressmallorca.com\/es\/"},{"@type":"ListItem","position":2,"name":"Accesibilidad"}]},{"@type":"WebSite","@id":"https:\/\/handymanexpressmallorca.com\/es\/#website","url":"https:\/\/handymanexpressmallorca.com\/es\/","name":"Handyman Renovations Mallorca","description":"Home&amp;Business Renovations, Maintenance and Handyman Services all over Mallorca","publisher":{"@id":"https:\/\/handymanexpressmallorca.com\/es\/#organization"},"potentialAction":[{"@type":"SearchAction","target":{"@type":"EntryPoint","urlTemplate":"https:\/\/handymanexpressmallorca.com\/es\/?s={search_term_string}"},"query-input":"required name=search_term_string"}],"inLanguage":"es"},{"@type":"Organization","@id":"https:\/\/handymanexpressmallorca.com\/es\/#organization","name":"Handyman Renovations Mallorca","url":"https:\/\/handymanexpressmallorca.com\/es\/","logo":{"@type":"ImageObject","inLanguage":"es","@id":"https:\/\/handymanexpressmallorca.com\/es\/#\/schema\/logo\/image\/","url":"https:\/\/handymanexpressmallorca.com\/wp-content\/uploads\/2023\/06\/cropped-Captura-de-pantalla-2023-06-01-a-les-12.41.19-1.png","contentUrl":"https:\/\/handymanexpressmallorca.com\/wp-content\/uploads\/2023\/06\/cropped-Captura-de-pantalla-2023-06-01-a-les-12.41.19-1.png","width":229,"height":143,"caption":"Handyman Renovations Mallorca"},"image":{"@id":"https:\/\/handymanexpressmallorca.com\/es\/#\/schema\/logo\/image\/"}}]}},"_links":{"self":[{"href":"https:\/\/handymanexpressmallorca.com\/es\/wp-json\/wp\/v2\/pages\/1534","targetHints":{"allow":["GET"]}}],"collection":[{"href":"https:\/\/handymanexpressmallorca.com\/es\/wp-json\/wp\/v2\/pages"}],"about":[{"href":"https:\/\/handymanexpressmallorca.com\/es\/wp-json\/wp\/v2\/types\/page"}],"author":[{"embeddable":true,"href":"https:\/\/handymanexpressmallorca.com\/es\/wp-json\/wp\/v2\/users\/1"}],"replies":[{"embeddable":true,"href":"https:\/\/handymanexpressmallorca.com\/es\/wp-json\/wp\/v2\/comments?post=1534"}],"version-history":[{"count":2,"href":"https:\/\/handymanexpressmallorca.com\/es\/wp-json\/wp\/v2\/pages\/1534\/revisions"}],"predecessor-version":[{"id":1540,"href":"https:\/\/handymanexpressmallorca.com\/es\/wp-json\/wp\/v2\/pages\/1534\/revisions\/1540"}],"wp:attachment":[{"href":"https:\/\/handymanexpressmallorca.com\/es\/wp-json\/wp\/v2\/media?parent=1534"}],"curies":[{"name":"wp","href":"https:\/\/api.w.org\/{rel}","templated":true}]}}